{"id":1053,"date":"2021-09-21T13:47:19","date_gmt":"2021-09-21T11:47:19","guid":{"rendered":"http:\/\/linwp.it4u.se\/AKMC\/linjalen\/?page_id=1053"},"modified":"2021-09-21T13:47:20","modified_gmt":"2021-09-21T11:47:20","slug":"anna-edvall","status":"publish","type":"page","link":"http:\/\/linwp.it4u.se\/AKMC\/linjalen\/anna-edvall\/","title":{"rendered":"Anna Edvall"},"content":{"rendered":"\n<p>F\u00e4rg och forms\u00e4ker. D\u00e4rf\u00f6r en klippa n\u00e4r det g\u00e4ller logotyper, illustrationer och harmoniska designl\u00f6sningar. Bland annat.<\/p>\n\n\n\n<p>Anna \u00e4r ocks\u00e5 passionerat intresserad av jakt med st\u00e5ende f\u00e5gelhundar. Under h\u00f6sten l\u00e4gger hon m\u00e5nga timmar p\u00e5 att n\u00f6ta ner fj\u00e4llkedjan under ripjakt med sina pointrar. Finns det n\u00e5got hon inte vet om hundsverige?&nbsp;<br>Det vete katten.<\/p>\n\n\n\n<p>E-post \u00bb anna@linjalen<br>Telefon \u00bb 070-220 20 92<\/p>\n","protected":false},"excerpt":{"rendered":"<p>F\u00e4rg och forms\u00e4ker. D\u00e4rf\u00f6r en klippa n\u00e4r det g\u00e4ller logotyper, illustrationer och harmoniska designl\u00f6sningar. Bland annat. Anna \u00e4r ocks\u00e5 passionerat intresserad av jakt med st\u00e5ende f\u00e5gelhundar. Under h\u00f6sten l\u00e4gger hon m\u00e5nga timmar p\u00e5 att n\u00f6ta ner fj\u00e4llkedjan under ripjakt med sina pointrar. Finns det n\u00e5got hon inte vet om hundsverige?&nbsp;Det vete katten. E-post \u00bb anna@linjalenTelefon [&hellip;]<\/p>\n","protected":false},"author":1,"featured_media":1050,"parent":0,"menu_order":0,"comment_status":"closed","ping_status":"closed","template":"","meta":{"_genesis_hide_title":false,"_genesis_hide_breadcrumbs":false,"_genesis_hide_singular_image":false,"_genesis_hide_footer_widgets":false,"_genesis_custom_body_class":"","_genesis_custom_post_class":"","_genesis_layout":""},"_links":{"self":[{"href":"http:\/\/linwp.it4u.se\/AKMC\/linjalen\/wp-json\/wp\/v2\/pages\/1053"}],"collection":[{"href":"http:\/\/linwp.it4u.se\/AKMC\/linjalen\/wp-json\/wp\/v2\/pages"}],"about":[{"href":"http:\/\/linwp.it4u.se\/AKMC\/linjalen\/wp-json\/wp\/v2\/types\/page"}],"author":[{"embeddable":true,"href":"http:\/\/linwp.it4u.se\/AKMC\/linjalen\/wp-json\/wp\/v2\/users\/1"}],"replies":[{"embeddable":true,"href":"http:\/\/linwp.it4u.se\/AKMC\/linjalen\/wp-json\/wp\/v2\/comments?post=1053"}],"version-history":[{"count":1,"href":"http:\/\/linwp.it4u.se\/AKMC\/linjalen\/wp-json\/wp\/v2\/pages\/1053\/revisions"}],"predecessor-version":[{"id":1054,"href":"http:\/\/linwp.it4u.se\/AKMC\/linjalen\/wp-json\/wp\/v2\/pages\/1053\/revisions\/1054"}],"wp:featuredmedia":[{"embeddable":true,"href":"http:\/\/linwp.it4u.se\/AKMC\/linjalen\/wp-json\/wp\/v2\/media\/1050"}],"wp:attachment":[{"href":"http:\/\/linwp.it4u.se\/AKMC\/linjalen\/wp-json\/wp\/v2\/media?parent=1053"}],"curies":[{"name":"wp","href":"https:\/\/api.w.org\/{rel}","templated":true}]}}