{"id":1055,"date":"2021-09-21T13:47:52","date_gmt":"2021-09-21T11:47:52","guid":{"rendered":"http:\/\/linwp.it4u.se\/AKMC\/linjalen\/?page_id=1055"},"modified":"2021-09-21T13:47:53","modified_gmt":"2021-09-21T11:47:53","slug":"andreas-johansson","status":"publish","type":"page","link":"http:\/\/linwp.it4u.se\/AKMC\/linjalen\/andreas-johansson\/","title":{"rendered":"Andreas Johansson"},"content":{"rendered":"\n<p>Alltid nyfiken, och \u00e4r d\u00e4rf\u00f6r snabbast att svar i telefon. R\u00f6str\u00e4tt i sametinget eftersom han gillar att ha r\u00e4tt. Alltid m\u00e5nga bollar i luften och en del p\u00e5 bordet. N\u00e5gra av hans styrkor \u00e4r projektledning, processarbete, film och sj\u00e4lvklart grafiska produktioner.<\/p>\n\n\n\n<p>R\u00e4tt stark i armarna ocks\u00e5 efter m\u00e5nga \u00e5r som aktiv armbrytare och \u00e4r en av de tongivande inom Svenska Armsportsf\u00f6rbundet.&nbsp;<\/p>\n\n\n\n<p>Flugfiskar g\u00e4rna och jagar hare med schwyzerst\u00f6vare. En hundtyp som enligt de \u00f6vriga medlemmarna i familjen endast \u00e4r till f\u00f6r f\u00f6rsiktig jakt.&nbsp;<br>Andreas h\u00e5ller inte med \u2013 det \u00e4r v\u00e4l ingen porslinshund heller!<\/p>\n\n\n\n<p>E-post \u00bb andreas@linjalen.com<br>Telefon \u00bb 070-260 90 18<\/p>\n","protected":false},"excerpt":{"rendered":"<p>Alltid nyfiken, och \u00e4r d\u00e4rf\u00f6r snabbast att svar i telefon. R\u00f6str\u00e4tt i sametinget eftersom han gillar att ha r\u00e4tt. Alltid m\u00e5nga bollar i luften och en del p\u00e5 bordet. N\u00e5gra av hans styrkor \u00e4r projektledning, processarbete, film och sj\u00e4lvklart grafiska produktioner. R\u00e4tt stark i armarna ocks\u00e5 efter m\u00e5nga \u00e5r som aktiv armbrytare och \u00e4r en [&hellip;]<\/p>\n","protected":false},"author":1,"featured_media":1047,"parent":0,"menu_order":0,"comment_status":"closed","ping_status":"closed","template":"","meta":{"_genesis_hide_title":false,"_genesis_hide_breadcrumbs":false,"_genesis_hide_singular_image":false,"_genesis_hide_footer_widgets":false,"_genesis_custom_body_class":"","_genesis_custom_post_class":"","_genesis_layout":""},"_links":{"self":[{"href":"http:\/\/linwp.it4u.se\/AKMC\/linjalen\/wp-json\/wp\/v2\/pages\/1055"}],"collection":[{"href":"http:\/\/linwp.it4u.se\/AKMC\/linjalen\/wp-json\/wp\/v2\/pages"}],"about":[{"href":"http:\/\/linwp.it4u.se\/AKMC\/linjalen\/wp-json\/wp\/v2\/types\/page"}],"author":[{"embeddable":true,"href":"http:\/\/linwp.it4u.se\/AKMC\/linjalen\/wp-json\/wp\/v2\/users\/1"}],"replies":[{"embeddable":true,"href":"http:\/\/linwp.it4u.se\/AKMC\/linjalen\/wp-json\/wp\/v2\/comments?post=1055"}],"version-history":[{"count":1,"href":"http:\/\/linwp.it4u.se\/AKMC\/linjalen\/wp-json\/wp\/v2\/pages\/1055\/revisions"}],"predecessor-version":[{"id":1056,"href":"http:\/\/linwp.it4u.se\/AKMC\/linjalen\/wp-json\/wp\/v2\/pages\/1055\/revisions\/1056"}],"wp:featuredmedia":[{"embeddable":true,"href":"http:\/\/linwp.it4u.se\/AKMC\/linjalen\/wp-json\/wp\/v2\/media\/1047"}],"wp:attachment":[{"href":"http:\/\/linwp.it4u.se\/AKMC\/linjalen\/wp-json\/wp\/v2\/media?parent=1055"}],"curies":[{"name":"wp","href":"https:\/\/api.w.org\/{rel}","templated":true}]}}