{"id":1057,"date":"2021-09-21T13:48:24","date_gmt":"2021-09-21T11:48:24","guid":{"rendered":"http:\/\/linwp.it4u.se\/AKMC\/linjalen\/?page_id=1057"},"modified":"2021-09-21T13:48:25","modified_gmt":"2021-09-21T11:48:25","slug":"roland-nilsson","status":"publish","type":"page","link":"http:\/\/linwp.it4u.se\/AKMC\/linjalen\/roland-nilsson\/","title":{"rendered":"Roland Nilsson"},"content":{"rendered":"\n<p>Roten till det onda, som startade f\u00f6retaget redan 1985. Gillar ord, ordvitsar och \u00e4nnu mera ord. Trots en avsev\u00e4rd \u00e5lder kan han t\u00e4nka utanf\u00f6r boxen lotsa v\u00e5ra kunder r\u00e4tt.\u00a0<br>Fr\u00e5gar man riktigt sn\u00e4llt kan han ocks\u00e5 ber\u00e4tta om n\u00e4r han kl\u00e4ttrade p\u00e5 h\u00f6ga sn\u00f6kl\u00e4dda berg eller paddlade kanot i Alaska. Nu brygger han \u00f6l\u2026<br><br>E-post \u00bb roland@linjalen.com<br>Telefon \u00bb 070-311 68 52<\/p>\n","protected":false},"excerpt":{"rendered":"<p>Roten till det onda, som startade f\u00f6retaget redan 1985. Gillar ord, ordvitsar och \u00e4nnu mera ord. Trots en avsev\u00e4rd \u00e5lder kan han t\u00e4nka utanf\u00f6r boxen lotsa v\u00e5ra kunder r\u00e4tt.\u00a0Fr\u00e5gar man riktigt sn\u00e4llt kan han ocks\u00e5 ber\u00e4tta om n\u00e4r han kl\u00e4ttrade p\u00e5 h\u00f6ga sn\u00f6kl\u00e4dda berg eller paddlade kanot i Alaska. Nu brygger han \u00f6l\u2026 E-post \u00bb [&hellip;]<\/p>\n","protected":false},"author":1,"featured_media":1044,"parent":0,"menu_order":0,"comment_status":"closed","ping_status":"closed","template":"","meta":{"_genesis_hide_title":false,"_genesis_hide_breadcrumbs":false,"_genesis_hide_singular_image":false,"_genesis_hide_footer_widgets":false,"_genesis_custom_body_class":"","_genesis_custom_post_class":"","_genesis_layout":""},"_links":{"self":[{"href":"http:\/\/linwp.it4u.se\/AKMC\/linjalen\/wp-json\/wp\/v2\/pages\/1057"}],"collection":[{"href":"http:\/\/linwp.it4u.se\/AKMC\/linjalen\/wp-json\/wp\/v2\/pages"}],"about":[{"href":"http:\/\/linwp.it4u.se\/AKMC\/linjalen\/wp-json\/wp\/v2\/types\/page"}],"author":[{"embeddable":true,"href":"http:\/\/linwp.it4u.se\/AKMC\/linjalen\/wp-json\/wp\/v2\/users\/1"}],"replies":[{"embeddable":true,"href":"http:\/\/linwp.it4u.se\/AKMC\/linjalen\/wp-json\/wp\/v2\/comments?post=1057"}],"version-history":[{"count":1,"href":"http:\/\/linwp.it4u.se\/AKMC\/linjalen\/wp-json\/wp\/v2\/pages\/1057\/revisions"}],"predecessor-version":[{"id":1058,"href":"http:\/\/linwp.it4u.se\/AKMC\/linjalen\/wp-json\/wp\/v2\/pages\/1057\/revisions\/1058"}],"wp:featuredmedia":[{"embeddable":true,"href":"http:\/\/linwp.it4u.se\/AKMC\/linjalen\/wp-json\/wp\/v2\/media\/1044"}],"wp:attachment":[{"href":"http:\/\/linwp.it4u.se\/AKMC\/linjalen\/wp-json\/wp\/v2\/media?parent=1057"}],"curies":[{"name":"wp","href":"https:\/\/api.w.org\/{rel}","templated":true}]}}